{"id":6399,"date":"2021-12-18T03:13:21","date_gmt":"2021-12-18T03:13:21","guid":{"rendered":"https:\/\/testecamp4.virgosinf.net\/?page_id=6399"},"modified":"2023-07-31T01:47:25","modified_gmt":"2023-07-31T01:47:25","slug":"beautiful-portfolios-for-exceptional-creatives","status":"publish","type":"page","link":"https:\/\/virgosinf.net\/","title":{"rendered":"Sistemas Espec\u00edficos"},"content":{"rendered":"\n<p class=\"has-text-color\" style=\"color:#000000;font-size:2vw;line-height:1.1\">Sob medida para sua empresa<\/p>\n\n\n\n<p><\/p>\n\n\n\n<div class=\"wp-block-columns alignwide is-layout-flex wp-container-core-columns-is-layout-28f84493 wp-block-columns-is-layout-flex\">\n<div class=\"wp-block-column is-layout-flow wp-block-column-is-layout-flow\" style=\"flex-basis:33.38%\">\n<p>Os sistemas\/sites s\u00e3o desenvolvidos exatamente conforme as necessidades da sua empresa, n\u00e3o havendo a necessidade de se adaptar aos sistemas prontos dispon\u00edveis na internet.<\/p>\n\n\n\n<p><strong>Sistemas Web<\/strong> s\u00e3o sistemas projetados para utiliza\u00e7\u00e3o atrav\u00e9s de um navegador (Firefox, Chrome, Internet Explorer, Safari, dentre outros), na Internet, sem necessidade de instalar nenhum programa ou software em seus computadores.<\/p>\n\n\n\n<p><strong>Sistemas Desktop<\/strong> s\u00e3o sistemas que podem ser instalados no computador. Normalmente s\u00e3o utilizados em um \u00fanico PC ou em redes de corporativas.<\/p>\n\n\n\n<p><\/p>\n<\/div>\n\n\n\n<div class=\"wp-block-column is-layout-flow wp-block-column-is-layout-flow\" style=\"flex-basis:33%\">\n<div style=\"height:100px\" aria-hidden=\"true\" class=\"wp-block-spacer\"><\/div>\n\n\n\n<figure class=\"wp-block-image size-large is-resized\"><img loading=\"lazy\" decoding=\"async\" src=\"https:\/\/virgosinf.net\/wp-content\/uploads\/2022\/09\/26756770_1390745271033867_8776397035603394687_o-1024x552.png\" alt=\"\" class=\"wp-image-6747\" width=\"283\" height=\"153\" srcset=\"https:\/\/virgosinf.net\/wp-content\/uploads\/2022\/09\/26756770_1390745271033867_8776397035603394687_o-1024x552.png 1024w, https:\/\/virgosinf.net\/wp-content\/uploads\/2022\/09\/26756770_1390745271033867_8776397035603394687_o-300x162.png 300w, https:\/\/virgosinf.net\/wp-content\/uploads\/2022\/09\/26756770_1390745271033867_8776397035603394687_o-768x414.png 768w, https:\/\/virgosinf.net\/wp-content\/uploads\/2022\/09\/26756770_1390745271033867_8776397035603394687_o.png 1368w\" sizes=\"auto, (max-width: 283px) 100vw, 283px\" \/><figcaption class=\"wp-element-caption\">Sistema Desktop<\/figcaption><\/figure>\n<\/div>\n\n\n\n<div class=\"wp-block-column is-layout-flow wp-block-column-is-layout-flow\" style=\"flex-basis:33.62%\">\n<figure class=\"wp-block-image size-large\"><img loading=\"lazy\" decoding=\"async\" width=\"1024\" height=\"560\" src=\"https:\/\/virgosinf.net\/wp-content\/uploads\/2022\/09\/admvitrine-1024x560.gif\" alt=\"\" class=\"wp-image-6748\" srcset=\"https:\/\/virgosinf.net\/wp-content\/uploads\/2022\/09\/admvitrine-1024x560.gif 1024w, https:\/\/virgosinf.net\/wp-content\/uploads\/2022\/09\/admvitrine-300x164.gif 300w, https:\/\/virgosinf.net\/wp-content\/uploads\/2022\/09\/admvitrine-768x420.gif 768w, https:\/\/virgosinf.net\/wp-content\/uploads\/2022\/09\/admvitrine-1536x840.gif 1536w\" sizes=\"auto, (max-width: 1024px) 100vw, 1024px\" \/><figcaption class=\"wp-element-caption\">Sistema WEB<\/figcaption><\/figure>\n<\/div>\n<\/div>\n\n\n\n<div class=\"wp-block-group alignfull has-background is-layout-flow wp-block-group-is-layout-flow\" style=\"background:radial-gradient(rgb(255,245,203) 0%,rgb(182,227,212) 50%,rgb(51,167,181) 100%)\">\n<div class=\"wp-block-columns alignwide is-layout-flex wp-container-core-columns-is-layout-28f84493 wp-block-columns-is-layout-flex\">\n<div class=\"wp-block-column is-layout-flow wp-block-column-is-layout-flow\">\n<p class=\"has-text-color\" style=\"color:#000000;font-size:5vw;line-height:1.1\">WEB<\/p>\n<\/div>\n<\/div>\n\n\n\n<h2 class=\"wp-block-heading\">Sites din\u00e2micos e responsivos<\/h2>\n\n\n\n<div class=\"wp-block-columns alignwide is-layout-flex wp-container-core-columns-is-layout-28f84493 wp-block-columns-is-layout-flex\">\n<div class=\"wp-block-column is-layout-flow wp-block-column-is-layout-flow\" style=\"flex-basis:67%\">\n<figure class=\"wp-block-image alignright size-large\"><a href=\"https:\/\/vitrineubuntu.com.br\/\" target=\"_blank\" rel=\"noreferrer noopener\"><img loading=\"lazy\" decoding=\"async\" width=\"1024\" height=\"509\" src=\"https:\/\/virgosinf.net\/wp-content\/uploads\/2022\/09\/vitrine-2-1024x509.png\" alt=\"\" class=\"wp-image-6745\" srcset=\"https:\/\/virgosinf.net\/wp-content\/uploads\/2022\/09\/vitrine-2-1024x509.png 1024w, https:\/\/virgosinf.net\/wp-content\/uploads\/2022\/09\/vitrine-2-300x149.png 300w, https:\/\/virgosinf.net\/wp-content\/uploads\/2022\/09\/vitrine-2-768x382.png 768w, https:\/\/virgosinf.net\/wp-content\/uploads\/2022\/09\/vitrine-2-1536x764.png 1536w, https:\/\/virgosinf.net\/wp-content\/uploads\/2022\/09\/vitrine-2.png 1909w\" sizes=\"auto, (max-width: 1024px) 100vw, 1024px\" \/><\/a><figcaption class=\"wp-element-caption\">Vitrine Ubuntu, site din\u00e2mico e responsivo<\/figcaption><\/figure>\n<\/div>\n\n\n\n<div class=\"wp-block-column is-vertically-aligned-center is-layout-flow wp-block-column-is-layout-flow\" style=\"flex-basis:33%\">\n<p>Um site din\u00e2mico permite que sejam realizadas frequentes altera\u00e7\u00f5es de conte\u00fado, como cria\u00e7\u00e3o de p\u00e1ginas e mudan\u00e7as feitas nos textos e links. Permite que os usu\u00e1rios interajam com as informa\u00e7\u00f5es da p\u00e1gina.<\/p>\n\n\n\n<p>Sites responsivos&nbsp;s\u00e3o aqueles que adaptam o tamanho das suas p\u00e1ginas (altera\u00e7\u00e3o do layout) ao tamanho das telas que est\u00e3o sendo exibidos, como as telas de celulares e tablets.&nbsp;&nbsp;<\/p>\n<\/div>\n<\/div>\n\n\n\n<div style=\"height:140px\" aria-hidden=\"true\" class=\"wp-block-spacer\"><\/div>\n<\/div>\n\n\n\n<div style=\"height:164px\" aria-hidden=\"true\" class=\"wp-block-spacer\"><\/div>\n\n\n\n<figure class=\"wp-block-image alignwide size-full\"><img loading=\"lazy\" decoding=\"async\" width=\"723\" height=\"1024\" src=\"https:\/\/virgosinf.net\/wp-content\/uploads\/2023\/07\/image.png\" alt=\"\" class=\"wp-image-6783\" srcset=\"https:\/\/virgosinf.net\/wp-content\/uploads\/2023\/07\/image.png 723w, https:\/\/virgosinf.net\/wp-content\/uploads\/2023\/07\/image-212x300.png 212w\" sizes=\"auto, (max-width: 723px) 100vw, 723px\" \/><\/figure>\n\n\n\n<div style=\"height:150px\" aria-hidden=\"true\" class=\"wp-block-spacer\"><\/div>\n\n\n\n<figure class=\"wp-block-image aligncenter size-full is-resized\"><img loading=\"lazy\" decoding=\"async\" src=\"https:\/\/virgosinf.net\/wp-content\/uploads\/2021\/12\/Linha-servidores.png\" alt=\"\" class=\"wp-image-6482\" width=\"927\" height=\"695\" srcset=\"https:\/\/virgosinf.net\/wp-content\/uploads\/2021\/12\/Linha-servidores.png 800w, https:\/\/virgosinf.net\/wp-content\/uploads\/2021\/12\/Linha-servidores-300x225.png 300w, https:\/\/virgosinf.net\/wp-content\/uploads\/2021\/12\/Linha-servidores-768x576.png 768w\" sizes=\"auto, (max-width: 927px) 100vw, 927px\" \/><\/figure>\n","protected":false},"excerpt":{"rendered":"<p>Sob medida para sua empresa Os sistemas\/sites s\u00e3o desenvolvidos exatamente conforme as necessidades da sua empresa, n\u00e3o havendo a necessidade de se adaptar aos sistemas prontos dispon\u00edveis na internet. Sistemas Web s\u00e3o sistemas projetados para utiliza\u00e7\u00e3o atrav\u00e9s de um navegador (Firefox, Chrome, Internet Explorer, Safari, dentre outros), na Internet, sem necessidade de instalar nenhum programa &hellip; <\/p>\n<p class=\"link-more\"><a href=\"https:\/\/virgosinf.net\/\" class=\"more-link\">Leia mais<span class=\"screen-reader-text\"> &#8220;Sistemas Espec\u00edficos&#8221;<\/span><\/a><\/p>\n","protected":false},"author":1,"featured_media":6398,"parent":0,"menu_order":0,"comment_status":"closed","ping_status":"closed","template":"","meta":{"inspiro_hide_title":false,"footnotes":""},"class_list":["post-6399","page","type-page","status-publish","has-post-thumbnail","hentry"],"_links":{"self":[{"href":"https:\/\/virgosinf.net\/index.php?rest_route=\/wp\/v2\/pages\/6399","targetHints":{"allow":["GET"]}}],"collection":[{"href":"https:\/\/virgosinf.net\/index.php?rest_route=\/wp\/v2\/pages"}],"about":[{"href":"https:\/\/virgosinf.net\/index.php?rest_route=\/wp\/v2\/types\/page"}],"author":[{"embeddable":true,"href":"https:\/\/virgosinf.net\/index.php?rest_route=\/wp\/v2\/users\/1"}],"replies":[{"embeddable":true,"href":"https:\/\/virgosinf.net\/index.php?rest_route=%2Fwp%2Fv2%2Fcomments&post=6399"}],"version-history":[{"count":52,"href":"https:\/\/virgosinf.net\/index.php?rest_route=\/wp\/v2\/pages\/6399\/revisions"}],"predecessor-version":[{"id":6872,"href":"https:\/\/virgosinf.net\/index.php?rest_route=\/wp\/v2\/pages\/6399\/revisions\/6872"}],"wp:featuredmedia":[{"embeddable":true,"href":"https:\/\/virgosinf.net\/index.php?rest_route=\/wp\/v2\/media\/6398"}],"wp:attachment":[{"href":"https:\/\/virgosinf.net\/index.php?rest_route=%2Fwp%2Fv2%2Fmedia&parent=6399"}],"curies":[{"name":"wp","href":"https:\/\/api.w.org\/{rel}","templated":true}]}}